{"id":869,"date":"2021-02-16T22:40:23","date_gmt":"2021-02-17T04:40:23","guid":{"rendered":"https:\/\/proyectodaniel.org\/donar\/?post_type=product&#038;p=869"},"modified":"2026-02-04T21:09:16","modified_gmt":"2026-02-05T03:09:16","slug":"camiseta-por-cada-batalla","status":"publish","type":"product","link":"https:\/\/proyectodaniel.org\/donar\/producto\/camiseta-por-cada-batalla\/","title":{"rendered":"Camiseta &#8220;Por cada batalla&#8221;"},"content":{"rendered":"<p>Camiseta color naranja con la inscripci\u00f3n &#8220;Por cada batalla ganada, por cada pelea perdida, por aquellos que a\u00fan contin\u00faan luchando, con orgullo somos naranja.&#8221; en el frente y el logo de Proyecto Daniel en la espalda.<\/p>\n","protected":false},"excerpt":{"rendered":"<p>Camiseta color naranja con la inscripci\u00f3n &#8220;Por cada batalla ganada, por cada pelea perdida, por aquellos que a\u00fan contin\u00faan luchando, con orgullo somos naranja.&#8221; en el frente y el logo de Proyecto Daniel en la espalda.<\/p>\n","protected":false},"featured_media":1018,"template":"","meta":[],"product_cat":[37],"product_tag":[],"class_list":{"0":"post-869","1":"product","2":"type-product","3":"status-publish","4":"has-post-thumbnail","6":"product_cat-camisetas","8":"first","9":"instock","10":"taxable","11":"shipping-taxable","12":"purchasable","13":"product-type-variable","14":"has-default-attributes"},"_links":{"self":[{"href":"https:\/\/proyectodaniel.org\/donar\/wp-json\/wp\/v2\/product\/869","targetHints":{"allow":["GET"]}}],"collection":[{"href":"https:\/\/proyectodaniel.org\/donar\/wp-json\/wp\/v2\/product"}],"about":[{"href":"https:\/\/proyectodaniel.org\/donar\/wp-json\/wp\/v2\/types\/product"}],"wp:featuredmedia":[{"embeddable":true,"href":"https:\/\/proyectodaniel.org\/donar\/wp-json\/wp\/v2\/media\/1018"}],"wp:attachment":[{"href":"https:\/\/proyectodaniel.org\/donar\/wp-json\/wp\/v2\/media?parent=869"}],"wp:term":[{"taxonomy":"product_cat","embeddable":true,"href":"https:\/\/proyectodaniel.org\/donar\/wp-json\/wp\/v2\/product_cat?post=869"},{"taxonomy":"product_tag","embeddable":true,"href":"https:\/\/proyectodaniel.org\/donar\/wp-json\/wp\/v2\/product_tag?post=869"}],"curies":[{"name":"wp","href":"https:\/\/api.w.org\/{rel}","templated":true}]}}